{"id":64021,"date":"2025-10-01T16:24:49","date_gmt":"2025-10-01T14:24:49","guid":{"rendered":"https:\/\/www.gac-carfleet.com\/blog\/"},"modified":"2026-04-24T18:30:06","modified_gmt":"2026-04-24T16:30:06","slug":"blog","status":"publish","type":"page","link":"https:\/\/www.gac-carfleet.com\/de\/blog\/","title":{"rendered":"Blog"},"content":{"rendered":"\n            <div class=\"articles-header\">\n            <div class=\"col-1\">\n                <h2 class=\"wp-block-heading\">Unsere neuesten Artikel<\/h2>\n                <p class=\"has-primary-color has-text-color has-link-color\">\n                                            Das Wichtigste aus unserem aktuellen Geschehen: Veranstaltungen, Schl\u00fcsselprojekte, Produktentwicklungen, strategische Partnerschaften und konkrete Verpflichtungen.                                    <\/p>\n            <\/div>\n            <div id=\"article-filters\" class=\"post-filters\">\n                <button data-category=\"all\" class=\"filter-btn active\">Alle Artikel<\/button>\n                            <\/div>\n        <\/div>\n    \n    <div class=\"posts-wrapper\">\n        <div id=\"loader\"><\/div>\n        <div id=\"articles-container\" class=\"post-lists\" data-default-term=\"0\" data-exclude-term=\"74\">\n        <\/div>\n    <\/div>\n\n    <div id=\"pagination-container\" data-ppp=\"9\"><\/div>\n\n    \n\n\n\n<div class=\"wp-block-group has-global-padding is-layout-constrained wp-container-core-group-is-layout-6bd16f51 wp-block-group-is-layout-constrained\" style=\"margin-top:0;margin-bottom:0;padding-top:0;padding-bottom:0\">\n<div class=\"wp-block-columns are-vertically-aligned-center is-layout-flex wp-container-core-columns-is-layout-c2f0af64 wp-block-columns-is-layout-flex\" style=\"margin-top:0;margin-bottom:0;padding-top:0;padding-bottom:0\">\n<div class=\"wp-block-column is-vertically-aligned-center is-layout-flow wp-block-column-is-layout-flow\" style=\"flex-basis:50%\">\n<h2 class=\"wp-block-heading has-secondary-color has-text-color has-link-color wp-elements-ad14e38a86afdbcefef70e34f9d81730\">Management von Fahrzeugflotten: der komplette Leitfaden<\/h2>\n\n\n\n<p>Die Verwaltung von Fahrzeugflotten stellt die Flottenmanager vor gro\u00dfe Herausforderungen. Elektrifizierung, Kostenoptimierung, Sicherheit, Steuern, Ber\u00fccksichtigung von wirtschaftlichen, \u00f6kologischen und regulatorischen Aspekten\u00a0&#8230; Wir erkl\u00e4ren Ihnen alles.<\/p>\n\n\n\n<div class=\"wp-block-buttons is-layout-flex wp-block-buttons-is-layout-flex\">\n<div class=\"wp-block-button is-style-secondary is-style-secondary--1\"><a class=\"wp-block-button__link wp-element-button\" href=\"https:\/\/www.gac-carfleet.com\/gestion-parc-auto\/\">Entdecken Sie den kompletten Leitfaden<\/a><\/div>\n<\/div>\n<\/div>\n\n\n\n<div class=\"wp-block-column is-vertically-aligned-center is-layout-flow wp-block-column-is-layout-flow\" style=\"flex-basis:50%\">\n<figure class=\"wp-block-image size-full is-resized has-custom-border\"><img loading=\"lazy\" decoding=\"async\" width=\"800\" height=\"600\" src=\"https:\/\/www.gac-software.com\/app\/uploads\/sites\/2\/2025\/10\/parc-auto-guide-complet.jpg\" alt=\"\" class=\"wp-image-80\" style=\"border-radius:24px;aspect-ratio:1;object-fit:cover;width:460px\" srcset=\"https:\/\/www.gac-software.com\/app\/uploads\/sites\/2\/2025\/10\/parc-auto-guide-complet.jpg 800w, https:\/\/www.gac-software.com\/app\/uploads\/sites\/2\/2025\/10\/parc-auto-guide-complet-300x225.jpg 300w, https:\/\/www.gac-software.com\/app\/uploads\/sites\/2\/2025\/10\/parc-auto-guide-complet-768x576.jpg 768w\" sizes=\"auto, (max-width: 800px) 100vw, 800px\" \/><\/figure>\n<\/div>\n<\/div>\n<\/div>\n\n\n\n<div style=\"height:100px\" aria-hidden=\"true\" class=\"wp-block-spacer\"><\/div>\n","protected":false},"excerpt":{"rendered":"","protected":false},"author":1,"featured_media":64022,"parent":0,"menu_order":0,"comment_status":"closed","ping_status":"closed","template":"","meta":{"ovs_hero_subtitle":"Steigern Sie die Leistung Ihres Fuhrparks","ovs_hero_text_content":"Die neuesten Flottennachrichten, wichtige Ressourcen f\u00fcr Manager und Ratschl\u00e4ge von GAC Software-Experten.","ovs_hero_button_text":"","ovs_hero_button_url":"","ovs_hero_button_two_text":"","ovs_hero_button_two_url":"","ovs_hero_is_elispe":"ja","footnotes":""},"class_list":["post-64021","page","type-page","status-publish","has-post-thumbnail","hentry"],"yoast_head":"<!-- This site is optimized with the Yoast SEO plugin v27.3 - https:\/\/yoast.com\/product\/yoast-seo-wordpress\/ -->\n<title>GAC Car Fleet - Managementsoftware f\u00fcr Fahrzeugflotten<\/title>\n<meta name=\"description\" content=\"GAC Car Fleet - Experte f\u00fcr Flottenmanagement seit 2007. Aktuelles, Kundenberichte, Flottenmanagement...\" \/>\n<meta name=\"robots\" content=\"index, follow, max-snippet:-1, max-image-preview:large, max-video-preview:-1\" \/>\n<link rel=\"canonical\" href=\"https:\/\/www.gac-carfleet.com\/de\/blog\/\" \/>\n<meta property=\"og:locale\" content=\"de_DE\" \/>\n<meta property=\"og:type\" content=\"article\" \/>\n<meta property=\"og:title\" content=\"GAC Car Fleet - Managementsoftware f\u00fcr Fahrzeugflotten\" \/>\n<meta property=\"og:description\" content=\"GAC Car Fleet - Experte f\u00fcr Flottenmanagement seit 2007. Aktuelles, Kundenberichte, Flottenmanagement...\" \/>\n<meta property=\"og:url\" content=\"https:\/\/www.gac-carfleet.com\/de\/blog\/\" \/>\n<meta property=\"og:site_name\" content=\"GAC Car Fleet\" \/>\n<meta property=\"article:modified_time\" content=\"2026-04-24T16:30:06+00:00\" \/>\n<meta property=\"og:image\" content=\"https:\/\/www.gac-software.com\/app\/uploads\/sites\/2\/2025\/10\/blog.jpg\" \/>\n\t<meta property=\"og:image:width\" content=\"900\" \/>\n\t<meta property=\"og:image:height\" content=\"506\" \/>\n\t<meta property=\"og:image:type\" content=\"image\/jpeg\" \/>\n<meta name=\"twitter:card\" content=\"summary_large_image\" \/>\n<script type=\"application\/ld+json\" class=\"yoast-schema-graph\">{\"@context\":\"https:\\\/\\\/schema.org\",\"@graph\":[{\"@type\":\"WebPage\",\"@id\":\"https:\\\/\\\/www.gac-carfleet.com\\\/de\\\/blog\\\/\",\"url\":\"https:\\\/\\\/www.gac-carfleet.com\\\/de\\\/blog\\\/\",\"name\":\"GAC Car Fleet - Managementsoftware f\u00fcr Fahrzeugflotten\",\"isPartOf\":{\"@id\":\"https:\\\/\\\/www.gac-carfleet.com\\\/de\\\/#website\"},\"primaryImageOfPage\":{\"@id\":\"https:\\\/\\\/www.gac-carfleet.com\\\/de\\\/blog\\\/#primaryimage\"},\"image\":{\"@id\":\"https:\\\/\\\/www.gac-carfleet.com\\\/de\\\/blog\\\/#primaryimage\"},\"thumbnailUrl\":\"https:\\\/\\\/www.gac-software.com\\\/app\\\/uploads\\\/sites\\\/2\\\/2025\\\/10\\\/blog.jpg\",\"datePublished\":\"2025-10-01T14:24:49+00:00\",\"dateModified\":\"2026-04-24T16:30:06+00:00\",\"description\":\"GAC Car Fleet - Experte f\u00fcr Flottenmanagement seit 2007. Aktuelles, Kundenberichte, Flottenmanagement...\",\"breadcrumb\":{\"@id\":\"https:\\\/\\\/www.gac-carfleet.com\\\/de\\\/blog\\\/#breadcrumb\"},\"inLanguage\":\"de-DE\",\"potentialAction\":[{\"@type\":\"ReadAction\",\"target\":[\"https:\\\/\\\/www.gac-carfleet.com\\\/de\\\/blog\\\/\"]}]},{\"@type\":\"ImageObject\",\"inLanguage\":\"de-DE\",\"@id\":\"https:\\\/\\\/www.gac-carfleet.com\\\/de\\\/blog\\\/#primaryimage\",\"url\":\"https:\\\/\\\/www.gac-software.com\\\/app\\\/uploads\\\/sites\\\/2\\\/2025\\\/10\\\/blog.jpg\",\"contentUrl\":\"https:\\\/\\\/www.gac-software.com\\\/app\\\/uploads\\\/sites\\\/2\\\/2025\\\/10\\\/blog.jpg\",\"width\":900,\"height\":506},{\"@type\":\"BreadcrumbList\",\"@id\":\"https:\\\/\\\/www.gac-carfleet.com\\\/de\\\/blog\\\/#breadcrumb\",\"itemListElement\":[{\"@type\":\"ListItem\",\"position\":1,\"name\":\"Accueil\",\"item\":\"https:\\\/\\\/www.gac-carfleet.com\\\/de\\\/\"},{\"@type\":\"ListItem\",\"position\":2,\"name\":\"Blog\"}]},{\"@type\":\"WebSite\",\"@id\":\"https:\\\/\\\/www.gac-carfleet.com\\\/de\\\/#website\",\"url\":\"https:\\\/\\\/www.gac-carfleet.com\\\/de\\\/\",\"name\":\"GAC Car Fleet\",\"description\":\"Logiciels de gestion de flotte automobile\",\"publisher\":{\"@id\":\"https:\\\/\\\/www.gac-carfleet.com\\\/de\\\/#organization\"},\"potentialAction\":[{\"@type\":\"SearchAction\",\"target\":{\"@type\":\"EntryPoint\",\"urlTemplate\":\"https:\\\/\\\/www.gac-carfleet.com\\\/de\\\/?s={search_term_string}\"},\"query-input\":{\"@type\":\"PropertyValueSpecification\",\"valueRequired\":true,\"valueName\":\"search_term_string\"}}],\"inLanguage\":\"de-DE\"},{\"@type\":\"Organization\",\"@id\":\"https:\\\/\\\/www.gac-carfleet.com\\\/de\\\/#organization\",\"name\":\"GAC Car Fleet\",\"url\":\"https:\\\/\\\/www.gac-carfleet.com\\\/de\\\/\",\"logo\":{\"@type\":\"ImageObject\",\"inLanguage\":\"de-DE\",\"@id\":\"https:\\\/\\\/www.gac-carfleet.com\\\/de\\\/#\\\/schema\\\/logo\\\/image\\\/\",\"url\":\"https:\\\/\\\/www.gac-software.com\\\/app\\\/uploads\\\/sites\\\/2\\\/2025\\\/12\\\/carfleet-logo.svg\",\"contentUrl\":\"https:\\\/\\\/www.gac-software.com\\\/app\\\/uploads\\\/sites\\\/2\\\/2025\\\/12\\\/carfleet-logo.svg\",\"caption\":\"GAC Car Fleet\"},\"image\":{\"@id\":\"https:\\\/\\\/www.gac-carfleet.com\\\/de\\\/#\\\/schema\\\/logo\\\/image\\\/\"}}]}<\/script>\n<!-- \/ Yoast SEO plugin. -->","yoast_head_json":{"title":"GAC Car Fleet - Managementsoftware f\u00fcr Fahrzeugflotten","description":"GAC Car Fleet - Experte f\u00fcr Flottenmanagement seit 2007. Aktuelles, Kundenberichte, Flottenmanagement...","robots":{"index":"index","follow":"follow","max-snippet":"max-snippet:-1","max-image-preview":"max-image-preview:large","max-video-preview":"max-video-preview:-1"},"canonical":"https:\/\/www.gac-carfleet.com\/de\/blog\/","og_locale":"de_DE","og_type":"article","og_title":"GAC Car Fleet - Managementsoftware f\u00fcr Fahrzeugflotten","og_description":"GAC Car Fleet - Experte f\u00fcr Flottenmanagement seit 2007. Aktuelles, Kundenberichte, Flottenmanagement...","og_url":"https:\/\/www.gac-carfleet.com\/de\/blog\/","og_site_name":"GAC Car Fleet","article_modified_time":"2026-04-24T16:30:06+00:00","og_image":[{"width":900,"height":506,"url":"https:\/\/www.gac-software.com\/app\/uploads\/sites\/2\/2025\/10\/blog.jpg","type":"image\/jpeg"}],"twitter_card":"summary_large_image","schema":{"@context":"https:\/\/schema.org","@graph":[{"@type":"WebPage","@id":"https:\/\/www.gac-carfleet.com\/de\/blog\/","url":"https:\/\/www.gac-carfleet.com\/de\/blog\/","name":"GAC Car Fleet - Managementsoftware f\u00fcr Fahrzeugflotten","isPartOf":{"@id":"https:\/\/www.gac-carfleet.com\/de\/#website"},"primaryImageOfPage":{"@id":"https:\/\/www.gac-carfleet.com\/de\/blog\/#primaryimage"},"image":{"@id":"https:\/\/www.gac-carfleet.com\/de\/blog\/#primaryimage"},"thumbnailUrl":"https:\/\/www.gac-software.com\/app\/uploads\/sites\/2\/2025\/10\/blog.jpg","datePublished":"2025-10-01T14:24:49+00:00","dateModified":"2026-04-24T16:30:06+00:00","description":"GAC Car Fleet - Experte f\u00fcr Flottenmanagement seit 2007. Aktuelles, Kundenberichte, Flottenmanagement...","breadcrumb":{"@id":"https:\/\/www.gac-carfleet.com\/de\/blog\/#breadcrumb"},"inLanguage":"de-DE","potentialAction":[{"@type":"ReadAction","target":["https:\/\/www.gac-carfleet.com\/de\/blog\/"]}]},{"@type":"ImageObject","inLanguage":"de-DE","@id":"https:\/\/www.gac-carfleet.com\/de\/blog\/#primaryimage","url":"https:\/\/www.gac-software.com\/app\/uploads\/sites\/2\/2025\/10\/blog.jpg","contentUrl":"https:\/\/www.gac-software.com\/app\/uploads\/sites\/2\/2025\/10\/blog.jpg","width":900,"height":506},{"@type":"BreadcrumbList","@id":"https:\/\/www.gac-carfleet.com\/de\/blog\/#breadcrumb","itemListElement":[{"@type":"ListItem","position":1,"name":"Accueil","item":"https:\/\/www.gac-carfleet.com\/de\/"},{"@type":"ListItem","position":2,"name":"Blog"}]},{"@type":"WebSite","@id":"https:\/\/www.gac-carfleet.com\/de\/#website","url":"https:\/\/www.gac-carfleet.com\/de\/","name":"GAC Car Fleet","description":"Logiciels de gestion de flotte automobile","publisher":{"@id":"https:\/\/www.gac-carfleet.com\/de\/#organization"},"potentialAction":[{"@type":"SearchAction","target":{"@type":"EntryPoint","urlTemplate":"https:\/\/www.gac-carfleet.com\/de\/?s={search_term_string}"},"query-input":{"@type":"PropertyValueSpecification","valueRequired":true,"valueName":"search_term_string"}}],"inLanguage":"de-DE"},{"@type":"Organization","@id":"https:\/\/www.gac-carfleet.com\/de\/#organization","name":"GAC Car Fleet","url":"https:\/\/www.gac-carfleet.com\/de\/","logo":{"@type":"ImageObject","inLanguage":"de-DE","@id":"https:\/\/www.gac-carfleet.com\/de\/#\/schema\/logo\/image\/","url":"https:\/\/www.gac-software.com\/app\/uploads\/sites\/2\/2025\/12\/carfleet-logo.svg","contentUrl":"https:\/\/www.gac-software.com\/app\/uploads\/sites\/2\/2025\/12\/carfleet-logo.svg","caption":"GAC Car Fleet"},"image":{"@id":"https:\/\/www.gac-carfleet.com\/de\/#\/schema\/logo\/image\/"}}]}},"jetpack_sharing_enabled":true,"_links":{"self":[{"href":"https:\/\/www.gac-carfleet.com\/de\/wp-json\/wp\/v2\/pages\/64021","targetHints":{"allow":["GET"]}}],"collection":[{"href":"https:\/\/www.gac-carfleet.com\/de\/wp-json\/wp\/v2\/pages"}],"about":[{"href":"https:\/\/www.gac-carfleet.com\/de\/wp-json\/wp\/v2\/types\/page"}],"author":[{"embeddable":true,"href":"https:\/\/www.gac-carfleet.com\/de\/wp-json\/wp\/v2\/users\/1"}],"replies":[{"embeddable":true,"href":"https:\/\/www.gac-carfleet.com\/de\/wp-json\/wp\/v2\/comments?post=64021"}],"version-history":[{"count":1,"href":"https:\/\/www.gac-carfleet.com\/de\/wp-json\/wp\/v2\/pages\/64021\/revisions"}],"predecessor-version":[{"id":64023,"href":"https:\/\/www.gac-carfleet.com\/de\/wp-json\/wp\/v2\/pages\/64021\/revisions\/64023"}],"wp:featuredmedia":[{"embeddable":true,"href":"https:\/\/www.gac-carfleet.com\/de\/wp-json\/wp\/v2\/media\/64022"}],"wp:attachment":[{"href":"https:\/\/www.gac-carfleet.com\/de\/wp-json\/wp\/v2\/media?parent=64021"}],"curies":[{"name":"wp","href":"https:\/\/api.w.org\/{rel}","templated":true}]}}