{"id":63937,"date":"2025-10-01T16:24:49","date_gmt":"2025-10-01T14:24:49","guid":{"rendered":"https:\/\/www.gac-carfleet.com\/blog\/"},"modified":"2026-04-24T16:47:22","modified_gmt":"2026-04-24T14:47:22","slug":"blog","status":"publish","type":"page","link":"https:\/\/www.gac-carfleet.com\/es\/blog\/","title":{"rendered":"Blog"},"content":{"rendered":"\n            <div class=\"articles-header\">\n            <div class=\"col-1\">\n                <h2 class=\"wp-block-heading\">Nuestros \u00faltimos art\u00edculos<\/h2>\n                <p class=\"has-primary-color has-text-color has-link-color\">\n                                            Lo esencial de nuestra actualidad: eventos, proyectos clave, evoluciones de productos, colaboraciones estrat\u00e9gicas y compromisos concretos.                                    <\/p>\n            <\/div>\n            <div id=\"article-filters\" class=\"post-filters\">\n                <button data-category=\"all\" class=\"filter-btn active\">Todos los art\u00edculos<\/button>\n                            <\/div>\n        <\/div>\n    \n    <div class=\"posts-wrapper\">\n        <div id=\"loader\"><\/div>\n        <div id=\"articles-container\" class=\"post-lists\" data-default-term=\"0\" data-exclude-term=\"69\">\n        <\/div>\n    <\/div>\n\n    <div id=\"pagination-container\" data-ppp=\"9\"><\/div>\n\n    \n\n\n\n<div class=\"wp-block-group has-global-padding is-layout-constrained wp-container-core-group-is-layout-6bd16f51 wp-block-group-is-layout-constrained\" style=\"margin-top:0;margin-bottom:0;padding-top:0;padding-bottom:0\">\n<div class=\"wp-block-columns are-vertically-aligned-center is-layout-flex wp-container-core-columns-is-layout-c2f0af64 wp-block-columns-is-layout-flex\" style=\"margin-top:0;margin-bottom:0;padding-top:0;padding-bottom:0\">\n<div class=\"wp-block-column is-vertically-aligned-center is-layout-flow wp-block-column-is-layout-flow\" style=\"flex-basis:50%\">\n<h2 class=\"wp-block-heading has-secondary-color has-text-color has-link-color wp-elements-d7aae2b7a6a9ce20656841ffd02a246a\">Gesti\u00f3n de flotas de veh\u00edculos: gu\u00eda completa<\/h2>\n\n\n\n<p>La gesti\u00f3n de flotas de veh\u00edculos plantea grandes desaf\u00edos a los gestores de flotas. Electrificaci\u00f3n, optimizaci\u00f3n de costes, seguridad, fiscalidad, consideraciones econ\u00f3micas, ecol\u00f3gicas y reglamentarias&#8230; Aqu\u00ed se lo explicamos todo.<\/p>\n\n\n\n<div class=\"wp-block-buttons is-layout-flex wp-block-buttons-is-layout-flex\">\n<div class=\"wp-block-button is-style-secondary is-style-secondary--1\"><a class=\"wp-block-button__link wp-element-button\" href=\"https:\/\/www.gac-carfleet.com\/es\/todas-nuestras-soluciones-para-flotas\/gac-car-fleet\/\">Descubrir GAC Car Fleet<\/a><\/div>\n<\/div>\n<\/div>\n\n\n\n<div class=\"wp-block-column is-vertically-aligned-center is-layout-flow wp-block-column-is-layout-flow\" style=\"flex-basis:50%\">\n<figure class=\"wp-block-image size-full is-resized has-custom-border\"><img loading=\"lazy\" decoding=\"async\" width=\"800\" height=\"600\" src=\"https:\/\/www.gac-software.com\/app\/uploads\/sites\/2\/2025\/10\/parc-auto-guide-complet.jpg\" alt=\"\" class=\"wp-image-80\" style=\"border-radius:24px;aspect-ratio:1;object-fit:cover;width:460px\" srcset=\"https:\/\/www.gac-software.com\/app\/uploads\/sites\/2\/2025\/10\/parc-auto-guide-complet.jpg 800w, https:\/\/www.gac-software.com\/app\/uploads\/sites\/2\/2025\/10\/parc-auto-guide-complet-300x225.jpg 300w, https:\/\/www.gac-software.com\/app\/uploads\/sites\/2\/2025\/10\/parc-auto-guide-complet-768x576.jpg 768w\" sizes=\"auto, (max-width: 800px) 100vw, 800px\" \/><\/figure>\n<\/div>\n<\/div>\n<\/div>\n\n\n\n<div style=\"height:100px\" aria-hidden=\"true\" class=\"wp-block-spacer\"><\/div>\n","protected":false},"excerpt":{"rendered":"","protected":false},"author":1,"featured_media":63939,"parent":0,"menu_order":0,"comment_status":"closed","ping_status":"closed","template":"","meta":{"ovs_hero_subtitle":"la gesti\u00f3n de su flota de veh\u00edculos","ovs_hero_text_content":"Las \u00faltimas noticias sobre flotas, los recursos clave de los gestores y consejos de los expertos de GAC Software.","ovs_hero_button_text":"","ovs_hero_button_url":"","ovs_hero_button_two_text":"","ovs_hero_button_two_url":"","ovs_hero_is_elispe":"s\u00ed","footnotes":""},"class_list":["post-63937","page","type-page","status-publish","has-post-thumbnail","hentry"],"yoast_head":"<!-- This site is optimized with the Yoast SEO plugin v27.3 - https:\/\/yoast.com\/product\/yoast-seo-wordpress\/ -->\n<title>GAC Car Fleet: software de gesti\u00f3n de flotas de veh\u00edculos<\/title>\n<meta name=\"description\" content=\"GAC Car Fleet: expertos en gesti\u00f3n de flotas desde 2007. Noticias, Testimonios de clientes, Experiencia en flotas...\" \/>\n<meta name=\"robots\" content=\"index, follow, max-snippet:-1, max-image-preview:large, max-video-preview:-1\" \/>\n<link rel=\"canonical\" href=\"https:\/\/www.gac-carfleet.com\/es\/blog\/\" \/>\n<meta property=\"og:locale\" content=\"es_ES\" \/>\n<meta property=\"og:type\" content=\"article\" \/>\n<meta property=\"og:title\" content=\"GAC Car Fleet: software de gesti\u00f3n de flotas de veh\u00edculos\" \/>\n<meta property=\"og:description\" content=\"GAC Car Fleet: expertos en gesti\u00f3n de flotas desde 2007. Noticias, Testimonios de clientes, Experiencia en flotas...\" \/>\n<meta property=\"og:url\" content=\"https:\/\/www.gac-carfleet.com\/es\/blog\/\" \/>\n<meta property=\"og:site_name\" content=\"GAC Car Fleet\" \/>\n<meta property=\"article:modified_time\" content=\"2026-04-24T14:47:22+00:00\" \/>\n<meta property=\"og:image\" content=\"https:\/\/www.gac-software.com\/app\/uploads\/sites\/2\/2025\/10\/blog.jpg\" \/>\n\t<meta property=\"og:image:width\" content=\"900\" \/>\n\t<meta property=\"og:image:height\" content=\"506\" \/>\n\t<meta property=\"og:image:type\" content=\"image\/jpeg\" \/>\n<meta name=\"twitter:card\" content=\"summary_large_image\" \/>\n<script type=\"application\/ld+json\" class=\"yoast-schema-graph\">{\"@context\":\"https:\\\/\\\/schema.org\",\"@graph\":[{\"@type\":\"WebPage\",\"@id\":\"https:\\\/\\\/www.gac-carfleet.com\\\/es\\\/blog\\\/\",\"url\":\"https:\\\/\\\/www.gac-carfleet.com\\\/es\\\/blog\\\/\",\"name\":\"GAC Car Fleet: software de gesti\u00f3n de flotas de veh\u00edculos\",\"isPartOf\":{\"@id\":\"https:\\\/\\\/www.gac-carfleet.com\\\/es\\\/#website\"},\"primaryImageOfPage\":{\"@id\":\"https:\\\/\\\/www.gac-carfleet.com\\\/es\\\/blog\\\/#primaryimage\"},\"image\":{\"@id\":\"https:\\\/\\\/www.gac-carfleet.com\\\/es\\\/blog\\\/#primaryimage\"},\"thumbnailUrl\":\"https:\\\/\\\/www.gac-software.com\\\/app\\\/uploads\\\/sites\\\/2\\\/2025\\\/10\\\/blog.jpg\",\"datePublished\":\"2025-10-01T14:24:49+00:00\",\"dateModified\":\"2026-04-24T14:47:22+00:00\",\"description\":\"GAC Car Fleet: expertos en gesti\u00f3n de flotas desde 2007. Noticias, Testimonios de clientes, Experiencia en flotas...\",\"breadcrumb\":{\"@id\":\"https:\\\/\\\/www.gac-carfleet.com\\\/es\\\/blog\\\/#breadcrumb\"},\"inLanguage\":\"es-ES\",\"potentialAction\":[{\"@type\":\"ReadAction\",\"target\":[\"https:\\\/\\\/www.gac-carfleet.com\\\/es\\\/blog\\\/\"]}]},{\"@type\":\"ImageObject\",\"inLanguage\":\"es-ES\",\"@id\":\"https:\\\/\\\/www.gac-carfleet.com\\\/es\\\/blog\\\/#primaryimage\",\"url\":\"https:\\\/\\\/www.gac-software.com\\\/app\\\/uploads\\\/sites\\\/2\\\/2025\\\/10\\\/blog.jpg\",\"contentUrl\":\"https:\\\/\\\/www.gac-software.com\\\/app\\\/uploads\\\/sites\\\/2\\\/2025\\\/10\\\/blog.jpg\",\"width\":900,\"height\":506},{\"@type\":\"BreadcrumbList\",\"@id\":\"https:\\\/\\\/www.gac-carfleet.com\\\/es\\\/blog\\\/#breadcrumb\",\"itemListElement\":[{\"@type\":\"ListItem\",\"position\":1,\"name\":\"Accueil\",\"item\":\"https:\\\/\\\/www.gac-carfleet.com\\\/es\\\/\"},{\"@type\":\"ListItem\",\"position\":2,\"name\":\"Blog\"}]},{\"@type\":\"WebSite\",\"@id\":\"https:\\\/\\\/www.gac-carfleet.com\\\/es\\\/#website\",\"url\":\"https:\\\/\\\/www.gac-carfleet.com\\\/es\\\/\",\"name\":\"GAC Car Fleet\",\"description\":\"Logiciels de gestion de flotte automobile\",\"publisher\":{\"@id\":\"https:\\\/\\\/www.gac-carfleet.com\\\/es\\\/#organization\"},\"potentialAction\":[{\"@type\":\"SearchAction\",\"target\":{\"@type\":\"EntryPoint\",\"urlTemplate\":\"https:\\\/\\\/www.gac-carfleet.com\\\/es\\\/?s={search_term_string}\"},\"query-input\":{\"@type\":\"PropertyValueSpecification\",\"valueRequired\":true,\"valueName\":\"search_term_string\"}}],\"inLanguage\":\"es-ES\"},{\"@type\":\"Organization\",\"@id\":\"https:\\\/\\\/www.gac-carfleet.com\\\/es\\\/#organization\",\"name\":\"GAC Car Fleet\",\"url\":\"https:\\\/\\\/www.gac-carfleet.com\\\/es\\\/\",\"logo\":{\"@type\":\"ImageObject\",\"inLanguage\":\"es-ES\",\"@id\":\"https:\\\/\\\/www.gac-carfleet.com\\\/es\\\/#\\\/schema\\\/logo\\\/image\\\/\",\"url\":\"https:\\\/\\\/www.gac-software.com\\\/app\\\/uploads\\\/sites\\\/2\\\/2025\\\/12\\\/carfleet-logo.svg\",\"contentUrl\":\"https:\\\/\\\/www.gac-software.com\\\/app\\\/uploads\\\/sites\\\/2\\\/2025\\\/12\\\/carfleet-logo.svg\",\"caption\":\"GAC Car Fleet\"},\"image\":{\"@id\":\"https:\\\/\\\/www.gac-carfleet.com\\\/es\\\/#\\\/schema\\\/logo\\\/image\\\/\"}}]}<\/script>\n<!-- \/ Yoast SEO plugin. -->","yoast_head_json":{"title":"GAC Car Fleet: software de gesti\u00f3n de flotas de veh\u00edculos","description":"GAC Car Fleet: expertos en gesti\u00f3n de flotas desde 2007. Noticias, Testimonios de clientes, Experiencia en flotas...","robots":{"index":"index","follow":"follow","max-snippet":"max-snippet:-1","max-image-preview":"max-image-preview:large","max-video-preview":"max-video-preview:-1"},"canonical":"https:\/\/www.gac-carfleet.com\/es\/blog\/","og_locale":"es_ES","og_type":"article","og_title":"GAC Car Fleet: software de gesti\u00f3n de flotas de veh\u00edculos","og_description":"GAC Car Fleet: expertos en gesti\u00f3n de flotas desde 2007. Noticias, Testimonios de clientes, Experiencia en flotas...","og_url":"https:\/\/www.gac-carfleet.com\/es\/blog\/","og_site_name":"GAC Car Fleet","article_modified_time":"2026-04-24T14:47:22+00:00","og_image":[{"width":900,"height":506,"url":"https:\/\/www.gac-software.com\/app\/uploads\/sites\/2\/2025\/10\/blog.jpg","type":"image\/jpeg"}],"twitter_card":"summary_large_image","schema":{"@context":"https:\/\/schema.org","@graph":[{"@type":"WebPage","@id":"https:\/\/www.gac-carfleet.com\/es\/blog\/","url":"https:\/\/www.gac-carfleet.com\/es\/blog\/","name":"GAC Car Fleet: software de gesti\u00f3n de flotas de veh\u00edculos","isPartOf":{"@id":"https:\/\/www.gac-carfleet.com\/es\/#website"},"primaryImageOfPage":{"@id":"https:\/\/www.gac-carfleet.com\/es\/blog\/#primaryimage"},"image":{"@id":"https:\/\/www.gac-carfleet.com\/es\/blog\/#primaryimage"},"thumbnailUrl":"https:\/\/www.gac-software.com\/app\/uploads\/sites\/2\/2025\/10\/blog.jpg","datePublished":"2025-10-01T14:24:49+00:00","dateModified":"2026-04-24T14:47:22+00:00","description":"GAC Car Fleet: expertos en gesti\u00f3n de flotas desde 2007. Noticias, Testimonios de clientes, Experiencia en flotas...","breadcrumb":{"@id":"https:\/\/www.gac-carfleet.com\/es\/blog\/#breadcrumb"},"inLanguage":"es-ES","potentialAction":[{"@type":"ReadAction","target":["https:\/\/www.gac-carfleet.com\/es\/blog\/"]}]},{"@type":"ImageObject","inLanguage":"es-ES","@id":"https:\/\/www.gac-carfleet.com\/es\/blog\/#primaryimage","url":"https:\/\/www.gac-software.com\/app\/uploads\/sites\/2\/2025\/10\/blog.jpg","contentUrl":"https:\/\/www.gac-software.com\/app\/uploads\/sites\/2\/2025\/10\/blog.jpg","width":900,"height":506},{"@type":"BreadcrumbList","@id":"https:\/\/www.gac-carfleet.com\/es\/blog\/#breadcrumb","itemListElement":[{"@type":"ListItem","position":1,"name":"Accueil","item":"https:\/\/www.gac-carfleet.com\/es\/"},{"@type":"ListItem","position":2,"name":"Blog"}]},{"@type":"WebSite","@id":"https:\/\/www.gac-carfleet.com\/es\/#website","url":"https:\/\/www.gac-carfleet.com\/es\/","name":"GAC Car Fleet","description":"Logiciels de gestion de flotte automobile","publisher":{"@id":"https:\/\/www.gac-carfleet.com\/es\/#organization"},"potentialAction":[{"@type":"SearchAction","target":{"@type":"EntryPoint","urlTemplate":"https:\/\/www.gac-carfleet.com\/es\/?s={search_term_string}"},"query-input":{"@type":"PropertyValueSpecification","valueRequired":true,"valueName":"search_term_string"}}],"inLanguage":"es-ES"},{"@type":"Organization","@id":"https:\/\/www.gac-carfleet.com\/es\/#organization","name":"GAC Car Fleet","url":"https:\/\/www.gac-carfleet.com\/es\/","logo":{"@type":"ImageObject","inLanguage":"es-ES","@id":"https:\/\/www.gac-carfleet.com\/es\/#\/schema\/logo\/image\/","url":"https:\/\/www.gac-software.com\/app\/uploads\/sites\/2\/2025\/12\/carfleet-logo.svg","contentUrl":"https:\/\/www.gac-software.com\/app\/uploads\/sites\/2\/2025\/12\/carfleet-logo.svg","caption":"GAC Car Fleet"},"image":{"@id":"https:\/\/www.gac-carfleet.com\/es\/#\/schema\/logo\/image\/"}}]}},"jetpack_sharing_enabled":true,"_links":{"self":[{"href":"https:\/\/www.gac-carfleet.com\/es\/wp-json\/wp\/v2\/pages\/63937","targetHints":{"allow":["GET"]}}],"collection":[{"href":"https:\/\/www.gac-carfleet.com\/es\/wp-json\/wp\/v2\/pages"}],"about":[{"href":"https:\/\/www.gac-carfleet.com\/es\/wp-json\/wp\/v2\/types\/page"}],"author":[{"embeddable":true,"href":"https:\/\/www.gac-carfleet.com\/es\/wp-json\/wp\/v2\/users\/1"}],"replies":[{"embeddable":true,"href":"https:\/\/www.gac-carfleet.com\/es\/wp-json\/wp\/v2\/comments?post=63937"}],"version-history":[{"count":1,"href":"https:\/\/www.gac-carfleet.com\/es\/wp-json\/wp\/v2\/pages\/63937\/revisions"}],"predecessor-version":[{"id":63940,"href":"https:\/\/www.gac-carfleet.com\/es\/wp-json\/wp\/v2\/pages\/63937\/revisions\/63940"}],"wp:featuredmedia":[{"embeddable":true,"href":"https:\/\/www.gac-carfleet.com\/es\/wp-json\/wp\/v2\/media\/63939"}],"wp:attachment":[{"href":"https:\/\/www.gac-carfleet.com\/es\/wp-json\/wp\/v2\/media?parent=63937"}],"curies":[{"name":"wp","href":"https:\/\/api.w.org\/{rel}","templated":true}]}}